{"id":296,"date":"2020-08-27T04:36:33","date_gmt":"2020-08-27T04:36:33","guid":{"rendered":"https:\/\/anja-thomann.de\/?page_id=296"},"modified":"2025-01-13T14:36:50","modified_gmt":"2025-01-13T14:36:50","slug":"home","status":"publish","type":"page","link":"https:\/\/anja-thomann.de\/","title":{"rendered":"Home"},"content":{"rendered":"\n<div class=\"wp-block-uagb-container uagb-block-acf51093 alignfull uagb-is-root-container\"><div class=\"uagb-container-inner-blocks-wrap\">\n<div class=\"wp-block-uagb-advanced-heading uagb-block-53d8d59c\"><h1 class=\"uagb-heading-text\">Anja Thomann<\/h1><\/div>\n\n\n\n<div class=\"wp-block-uagb-advanced-heading uagb-block-dd8b9773\"><h3 class=\"uagb-heading-text\">Traverso | Querfl\u00f6te\u200b<\/h3><div class=\"uagb-separator\"><\/div><\/div>\n\n\n\n<div class=\"wp-block-columns is-layout-flex wp-container-core-columns-is-layout-2 wp-block-columns-is-layout-flex\">\n<div class=\"wp-block-column is-layout-flow wp-block-column-is-layout-flow\" style=\"flex-basis:100%\">\n<figure class=\"wp-block-image alignleft size-full\"><a href=\"https:\/\/anja-thomann.de\/?page_id=437\" rel=\"Autorin - Anja Thomann\"><img decoding=\"async\" src=\"https:\/\/anja-thomann.de\/wp-content\/uploads\/2023\/03\/thomann-anja-back-to-basics-fur-traversflote-2.jpg\" alt=\"\"\/><\/a><\/figure>\n\n\n\n<div class=\"wp-block-columns is-layout-flex wp-container-core-columns-is-layout-1 wp-block-columns-is-layout-flex\">\n<div class=\"wp-block-column is-layout-flow wp-block-column-is-layout-flow\">\n<p><em>&#8222;<strong>Back to Basics<\/strong> ist wichtig f\u00fcr jede Hochschulausbildung, aber auch f\u00fcr Liebhaber unentbehrlich &#8211; sehr empfehlenswert!&#8220;<\/em>  <strong>Prof. Dr. Linde Brunmayr-Tutz<\/strong><\/p>\n\n\n\n<p><em>\u201eHier liegt eine wohldurchdachte Sammlung von n\u00fctzlichen \u00dcbungen vor, aus Fl\u00f6tenschulen des 18. Jahrhunderts von Frau Thomann zusammengestellt und systematisch ausgebaut. [\u2026] Wer seine Technik nicht an Hand von Kompositionen sondern von gezielten Et\u00fcden aufbauen m\u00f6chte, findet hier sehr Geeignetes.\u201c<\/em>  <strong>Prof. Dr. Barthold Kuijken<\/strong><\/p>\n\n\n\n<p><em>\u201eDas \u00fcberaus reichhaltige Heft, eher schon Buch, endet mit einer ausf\u00fchrlichen Grifftabelle und einer Trillertabelle, die mit hilfreichen Tipps zur Intonation erg\u00e4nzt sind. F\u00fcr einen grundlegenden Aufbau von Ton, Technik und Artikulation auf der Traversfl\u00f6te ist diese \u00fcbersichtlich gestaltete Publikation eine gro\u00dfe Bereicherung, da die wesentlichen Aspekte in einem Heft zusammengefasst sind.\u201c<\/em>  <strong>SCHWEIZER MUSIKZEITUNG, 11\/2017<\/strong><\/p>\n<\/div>\n<\/div>\n<\/div>\n<\/div>\n\n\n\n<div class=\"wp-block-uagb-advanced-heading uagb-block-0cb4fc63\"><p class=\"uagb-desc-text\"><strong><br><strong>Anja Thomann<\/strong><\/strong> ist Musikerin und spezialisiert auf das Spiel historischer Fl\u00f6ten. Ihr k\u00fcnstlerischer Schwerpunkt liegt auf der historischen Interpretationspraxis: Anja Thomann tritt regelm\u00e4\u00dfig mit namhaften Ensembles als Traversfl\u00f6tistin auf. Gleichzeitig ist sie auch auf der modernen Querfl\u00f6te ausgebildet und ihr musikalisches Wirken reicht bis zur Musik der Moderne und der Musikproduktion.<strong><br><br><\/strong>Mit ihrem Buch<strong> <strong>\u201eBack to Basics \u2013 ein Technikbuch f\u00fcr die Traversfl\u00f6te\u201c<\/strong> <\/strong>hat sie ein international anerkanntes Standardwerk f\u00fcr die Traversfl\u00f6te geschaffen, das ins Englische und ins Japanische \u00fcbersetzt wurde. Als engagierte Dozentin und Lehrerin vermittelt sie Musik historisch informiert und macht sie in ihrer ganzen Vielfalt erfahrbar.<br><\/p><\/div>\n<\/div><\/div>\n\n\n\n<div class=\"wp-block-uagb-container uagb-block-22b5ac3a alignfull uagb-is-root-container\"><div class=\"uagb-container-inner-blocks-wrap\"><\/div><\/div>\n\n\n\n<div class=\"wp-block-uagb-container uagb-block-7ada2a08 alignfull uagb-is-root-container\"><div class=\"uagb-container-inner-blocks-wrap\">\n<div class=\"wp-block-uagb-advanced-heading uagb-block-d8749f4e\"><h2 class=\"uagb-heading-text\">\u00dcber mich<\/h2><div class=\"uagb-separator\"><\/div><\/div>\n\n\n\n<div class=\"wp-block-uagb-container uagb-block-715a68f7\">\n<div class=\"wp-block-uagb-container uagb-block-65892986\">\n<div class=\"wp-block-uagb-advanced-heading uagb-block-f38f7a48\"><p class=\"uagb-desc-text\">Anja Thomann arbeitet als gefragte Orchestermusikerin projektweise mit f\u00fchrenden Ensembles und Orchestern zusammen, die sich der historischen Auff\u00fchrungspraxis widmen \u2013 darunter das Freiburger Bachorchester und das John Sheppard Ensemble. <a href=\"https:\/\/anja-thomann.de\/?page_id=897\">MEHR ERFAHREN<\/a><\/p><\/div>\n<\/div>\n<\/div>\n<\/div><\/div>\n\n\n\n<div class=\"wp-block-uagb-container uag-hide-tab uag-hide-mob uagb-block-8385eabe alignfull uagb-is-root-container\">\n<div class=\"wp-block-uagb-image uagb-block-aae3d741 wp-block-uagb-image--layout-default wp-block-uagb-image--effect-static wp-block-uagb-image--align-none\"><figure class=\"wp-block-uagb-image__figure\"><img decoding=\"async\"  src=\"https:\/\/anja-thomann.de\/wp-content\/uploads\/2023\/03\/04_small.jpg\" alt=\"\" width=\"300\" height=\"300\" title=\"\" loading=\"lazy\"\/><\/figure><\/div>\n\n\n\n<div class=\"wp-block-uagb-image uagb-block-348d435c wp-block-uagb-image--layout-default wp-block-uagb-image--effect-static wp-block-uagb-image--align-none\"><figure class=\"wp-block-uagb-image__figure\"><img decoding=\"async\" srcset=\"https:\/\/anja-thomann.de\/wp-content\/uploads\/2023\/03\/02_small.jpg \" src=\"https:\/\/anja-thomann.de\/wp-content\/uploads\/2023\/03\/02_small.jpg\" alt=\"\" class=\"uag-image-995\" width=\"360\" height=\"300\" title=\"\" loading=\"lazy\"\/><\/figure><\/div>\n\n\n\n<div class=\"wp-block-uagb-image uagb-block-c90756a4 wp-block-uagb-image--layout-default wp-block-uagb-image--effect-static wp-block-uagb-image--align-none\"><figure class=\"wp-block-uagb-image__figure\"><img decoding=\"async\"  src=\"https:\/\/anja-thomann.de\/wp-content\/uploads\/2023\/03\/05_small.jpg\" alt=\"\" width=\"300\" height=\"300\" title=\"\" loading=\"lazy\"\/><\/figure><\/div>\n\n\n\n<div class=\"wp-block-uagb-image uagb-block-999286b1 wp-block-uagb-image--layout-default wp-block-uagb-image--effect-static wp-block-uagb-image--align-none\"><figure class=\"wp-block-uagb-image__figure\"><img decoding=\"async\" srcset=\"https:\/\/anja-thomann.de\/wp-content\/uploads\/2023\/03\/03_small.jpg \" src=\"https:\/\/anja-thomann.de\/wp-content\/uploads\/2023\/03\/03_small.jpg\" alt=\"\" class=\"uag-image-993\" width=\"\" height=\"300\" title=\"\" loading=\"lazy\"\/><\/figure><\/div>\n<\/div>\n\n\n\n<div class=\"wp-block-uagb-container uagb-block-c81cecab alignfull uagb-is-root-container\"><div class=\"uagb-container-inner-blocks-wrap\">\n<div class=\"wp-block-uagb-container uagb-block-c59408d7\">\n<div class=\"wp-block-uagb-advanced-heading uagb-block-fb02d4c6\"><h2 class=\"uagb-heading-text\">Autorin<\/h2><div class=\"uagb-separator\"><\/div><\/div>\n\n\n\n<div class=\"wp-block-uagb-container uagb-block-b83023ac\">\n<div class=\"wp-block-uagb-container uagb-block-0114a53c\">\n<div class=\"wp-block-uagb-advanced-heading uagb-block-b4c4a68a\"><h3 class=\"uagb-heading-text\"><a href=\"https:\/\/anja-thomann.de\/?page_id=437\" data-type=\"page\" data-id=\"437\">Back to Basics &#8211; Ein Technikbuch f\u00fcr die Traversfl\u00f6te<\/a><\/h3><p class=\"uagb-desc-text\"><strong>Mit fundierten \u00dcbungen zu Klang, Artikulation, Fingertechnik und Atemf\u00fchrung: Historisch informiert und praxisnah Traversfl\u00f6te \u00fcben! <\/strong><br><strong>In <strong>Deutsch, Englisch und Japanisch<\/strong> erh\u00e4ltlich.<\/strong><br><a href=\"https:\/\/anja-thomann.de\/?page_id=437\">MEHR ERFAHREN<\/a><\/p><\/div>\n\n\n\n<div class=\"wp-block-uagb-advanced-heading uagb-block-0a3d33d8\"><h3 class=\"uagb-heading-text\"><a href=\"https:\/\/anja-thomann.de\/?page_id=437\" data-type=\"page\" data-id=\"437\">Back to Basics &#8211; A Practice Book for the Baroque Flute<\/a><br><br><a href=\"https:\/\/anja-thomann.de\/?page_id=437\" data-type=\"page\" data-id=\"437\">Back to Basics  \u30d5\u30e9\u30a6\u30c8\u30fb<br>\u30c8\u30e9\u30f4\u30a7\u30eb\u30bd\u306e\u305f\u3081\u306e\u7df4\u7fd2\u5e33<\/a><\/h3><\/div>\n<\/div>\n\n\n\n<figure class=\"wp-block-image size-full is-resized has-custom-border\"><a href=\"https:\/\/anja-thomann.de\/?page_id=437\" rel=\"Autorin - Anja Thomann\"><img loading=\"lazy\" decoding=\"async\" src=\"https:\/\/anja-thomann.de\/wp-content\/uploads\/2023\/03\/thomann-anja-back-to-basics-fur-traversflote-2.jpg\" alt=\"\" style=\"border-style:none;border-width:0px;border-radius:0px\" width=\"354\" height=\"523\"\/><\/a><\/figure>\n<\/div>\n<\/div>\n<\/div><\/div>\n\n\n\n<div class=\"wp-block-uagb-container uagb-block-5e430487 alignfull uagb-is-root-container\"><div class=\"uagb-container-inner-blocks-wrap\"><\/div><\/div>\n\n\n\n<div class=\"wp-block-uagb-container uagb-block-75327387 alignfull uagb-is-root-container\"><div class=\"uagb-container-inner-blocks-wrap\">\n<div class=\"wp-block-uagb-advanced-heading uagb-block-bb41487a\"><h2 class=\"uagb-heading-text\">Unterricht<\/h2><div class=\"uagb-separator\"><\/div><\/div>\n\n\n\n<div class=\"wp-block-uagb-advanced-heading uagb-block-a6c41ee9\"><p class=\"uagb-desc-text\">Traversfl\u00f6te und Querfl\u00f6te lernen mit einem ganzheitlichen Ansatz: <br>Historisch informiert, k\u00f6rperorientiert, durchdacht und individuell. <a href=\"https:\/\/anja-thomann.de\/?page_id=408\">MEHR ERFAHREN<\/a><\/p><\/div>\n<\/div><\/div>\n\n\n\n<div class=\"wp-block-uagb-container uagb-block-483e7e7b alignfull uagb-is-root-container\"><div class=\"uagb-container-inner-blocks-wrap\">\n<div class=\"wp-block-uagb-container uagb-block-224cdac3\">\n<div class=\"wp-block-uagb-advanced-heading uagb-block-f6e5b386\"><h3 class=\"uagb-heading-text\">Kontakt<\/h3><p class=\"uagb-desc-text\">Ich freue mich \u00fcber Deine Nachricht!<\/p><\/div>\n\n\n\n<div class=\"wp-block-uagb-advanced-heading uagb-block-9dd056ee\"><h5 class=\"uagb-heading-text\">Email<br>kontakt@anja-thomann.de<\/h5><\/div>\n<\/div>\n\n\n\n<div class=\"wp-block-uagb-container uagb-block-98cbf939\"><div class=\"wpforms-container wpforms-block\" id=\"wpforms-8\"><form id=\"wpforms-form-8\" class=\"wpforms-validate wpforms-form\" data-formid=\"8\" method=\"post\" enctype=\"multipart\/form-data\" action=\"\/index.php?rest_route=%2Fwp%2Fv2%2Fpages%2F296\" data-token=\"ff26c7fed3bfbb7c83c170e5244aa37e\" data-token-time=\"1777711935\"><noscript class=\"wpforms-error-noscript\">Bitte aktiviere JavaScript in deinem Browser, um dieses Formular fertigzustellen.<\/noscript><div class=\"wpforms-field-container\"><div id=\"wpforms-8-field_8-container\" class=\"wpforms-field wpforms-field-name\" data-field-id=\"8\"><label class=\"wpforms-field-label\" for=\"wpforms-8-field_8\">Name <span class=\"wpforms-required-label\">*<\/span><\/label><div class=\"wpforms-field-row wpforms-field-large\"><div class=\"wpforms-field-row-block wpforms-first wpforms-one-half\"><input type=\"text\" id=\"wpforms-8-field_8\" class=\"wpforms-field-name-first wpforms-field-required\" name=\"wpforms[fields][8][first]\" required><label for=\"wpforms-8-field_8\" class=\"wpforms-field-sublabel after wpforms-sublabel-hide\">Vorname<\/label><\/div><div class=\"wpforms-field-row-block wpforms-one-half\"><input type=\"text\" id=\"wpforms-8-field_8-last\" class=\"wpforms-field-name-last wpforms-field-required\" name=\"wpforms[fields][8][last]\" required><label for=\"wpforms-8-field_8-last\" class=\"wpforms-field-sublabel after wpforms-sublabel-hide\">Nachname<\/label><\/div><\/div><\/div><div id=\"wpforms-8-field_9-container\" class=\"wpforms-field wpforms-field-email\" data-field-id=\"9\"><label class=\"wpforms-field-label\" for=\"wpforms-8-field_9\">Email <span class=\"wpforms-required-label\">*<\/span><\/label><input type=\"email\" id=\"wpforms-8-field_9\" class=\"wpforms-field-large wpforms-field-required\" name=\"wpforms[fields][9]\" spellcheck=\"false\" required><\/div><div id=\"wpforms-8-field_2-container\" class=\"wpforms-field wpforms-field-textarea\" data-field-id=\"2\"><label class=\"wpforms-field-label\" for=\"wpforms-8-field_2\">Message <span class=\"wpforms-required-label\">*<\/span><\/label><textarea id=\"wpforms-8-field_2\" class=\"wpforms-field-medium wpforms-field-required\" name=\"wpforms[fields][2]\" required><\/textarea><\/div><\/div><!-- .wpforms-field-container --><div class=\"wpforms-field wpforms-field-hp\"><label for=\"wpforms-8-field-hp\" class=\"wpforms-field-label\">Comment<\/label><input type=\"text\" name=\"wpforms[hp]\" id=\"wpforms-8-field-hp\" class=\"wpforms-field-medium\"><\/div><div class=\"wpforms-submit-container\" ><input type=\"hidden\" name=\"wpforms[id]\" value=\"8\"><input type=\"hidden\" name=\"page_title\" value=\"\"><input type=\"hidden\" name=\"page_url\" value=\"https:\/\/anja-thomann.de\/index.php?rest_route=%2Fwp%2Fv2%2Fpages%2F296\"><button type=\"submit\" name=\"wpforms[submit]\" id=\"wpforms-submit-8\" class=\"wpforms-submit\" data-alt-text=\"Sending...\" data-submit-text=\"Send\" aria-live=\"assertive\" value=\"wpforms-submit\">Send<\/button><\/div><\/form><\/div>  <!-- .wpforms-container --><\/div>\n<\/div><\/div>\n","protected":false},"excerpt":{"rendered":"<p>Anja Thomann Traverso | Querfl\u00f6te\u200b &#8222;Back to Basics ist wichtig f\u00fcr jede Hochschulausbildung, aber auch f\u00fcr Liebhaber unentbehrlich &#8211; sehr empfehlenswert!&#8220; Prof. Dr. Linde Brunmayr-Tutz \u201eHier liegt eine wohldurchdachte Sammlung von n\u00fctzlichen \u00dcbungen vor, aus Fl\u00f6tenschulen des 18. Jahrhunderts von Frau Thomann zusammengestellt und systematisch ausgebaut. [\u2026] Wer seine Technik nicht an Hand von Kompositionen [&hellip;]<\/p>\n","protected":false},"author":1,"featured_media":0,"parent":0,"menu_order":0,"comment_status":"closed","ping_status":"closed","template":"","meta":{"_uag_custom_page_level_css":"","site-sidebar-layout":"default","site-content-layout":"plain-container","ast-site-content-layout":"","site-content-style":"default","site-sidebar-style":"default","ast-global-header-display":"","ast-banner-title-visibility":"","ast-main-header-display":"","ast-hfb-above-header-display":"","ast-hfb-below-header-display":"","ast-hfb-mobile-header-display":"","site-post-title":"disabled","ast-breadcrumbs-content":"","ast-featured-img":"","footer-sml-layout":"","theme-transparent-header-meta":"enabled","adv-header-id-meta":"","stick-header-meta":"","header-above-stick-meta":"","header-main-stick-meta":"","header-below-stick-meta":"","astra-migrate-meta-layouts":"default","ast-page-background-enabled":"default","ast-page-background-meta":{"desktop":{"background-color":"","background-image":"","background-repeat":"repeat","background-position":"center center","background-size":"auto","background-attachment":"scroll","background-type":"","background-media":"","overlay-type":"","overlay-color":"","overlay-opacity":"","overlay-gradient":""},"tablet":{"background-color":"","background-image":"","background-repeat":"repeat","background-position":"center center","background-size":"auto","background-attachment":"scroll","background-type":"","background-media":"","overlay-type":"","overlay-color":"","overlay-opacity":"","overlay-gradient":""},"mobile":{"background-color":"","background-image":"","background-repeat":"repeat","background-position":"center center","background-size":"auto","background-attachment":"scroll","background-type":"","background-media":"","overlay-type":"","overlay-color":"","overlay-opacity":"","overlay-gradient":""}},"ast-content-background-meta":{"desktop":{"background-color":"var(--ast-global-color-5)","background-image":"","background-repeat":"repeat","background-position":"center center","background-size":"auto","background-attachment":"scroll","background-type":"","background-media":"","overlay-type":"","overlay-color":"","overlay-opacity":"","overlay-gradient":""},"tablet":{"background-color":"var(--ast-global-color-5)","background-image":"","background-repeat":"repeat","background-position":"center center","background-size":"auto","background-attachment":"scroll","background-type":"","background-media":"","overlay-type":"","overlay-color":"","overlay-opacity":"","overlay-gradient":""},"mobile":{"background-color":"var(--ast-global-color-5)","background-image":"","background-repeat":"repeat","background-position":"center center","background-size":"auto","background-attachment":"scroll","background-type":"","background-media":"","overlay-type":"","overlay-color":"","overlay-opacity":"","overlay-gradient":""}},"footnotes":""},"class_list":["post-296","page","type-page","status-publish","hentry"],"uagb_featured_image_src":{"full":false,"thumbnail":false,"medium":false,"medium_large":false,"large":false,"1536x1536":false,"2048x2048":false},"uagb_author_info":{"display_name":"admin","author_link":"https:\/\/anja-thomann.de\/?author=1"},"uagb_comment_info":0,"uagb_excerpt":"Anja Thomann Traverso | Querfl\u00f6te\u200b &#8222;Back to Basics ist wichtig f\u00fcr jede Hochschulausbildung, aber auch f\u00fcr Liebhaber unentbehrlich &#8211; sehr empfehlenswert!&#8220; Prof. Dr. Linde Brunmayr-Tutz \u201eHier liegt eine wohldurchdachte Sammlung von n\u00fctzlichen \u00dcbungen vor, aus Fl\u00f6tenschulen des 18. Jahrhunderts von Frau Thomann zusammengestellt und systematisch ausgebaut. [\u2026] Wer seine Technik nicht an Hand von Kompositionen&hellip;","_links":{"self":[{"href":"https:\/\/anja-thomann.de\/index.php?rest_route=\/wp\/v2\/pages\/296","targetHints":{"allow":["GET"]}}],"collection":[{"href":"https:\/\/anja-thomann.de\/index.php?rest_route=\/wp\/v2\/pages"}],"about":[{"href":"https:\/\/anja-thomann.de\/index.php?rest_route=\/wp\/v2\/types\/page"}],"author":[{"embeddable":true,"href":"https:\/\/anja-thomann.de\/index.php?rest_route=\/wp\/v2\/users\/1"}],"replies":[{"embeddable":true,"href":"https:\/\/anja-thomann.de\/index.php?rest_route=%2Fwp%2Fv2%2Fcomments&post=296"}],"version-history":[{"count":30,"href":"https:\/\/anja-thomann.de\/index.php?rest_route=\/wp\/v2\/pages\/296\/revisions"}],"predecessor-version":[{"id":1055,"href":"https:\/\/anja-thomann.de\/index.php?rest_route=\/wp\/v2\/pages\/296\/revisions\/1055"}],"wp:attachment":[{"href":"https:\/\/anja-thomann.de\/index.php?rest_route=%2Fwp%2Fv2%2Fmedia&parent=296"}],"curies":[{"name":"wp","href":"https:\/\/api.w.org\/{rel}","templated":true}]}}